{"id":28,"date":"2022-06-08T15:51:11","date_gmt":"2022-06-08T13:51:11","guid":{"rendered":"http:\/\/institutmedicoeducatif.fr\/?page_id=28"},"modified":"2022-06-08T17:04:23","modified_gmt":"2022-06-08T15:04:23","slug":"accueil","status":"publish","type":"page","link":"https:\/\/institutmedicoeducatif.fr\/","title":{"rendered":"Accueil"},"content":{"rendered":"\n<div class=\"wp-block-cover alignfull is-light\" style=\"min-height:700px;aspect-ratio:unset;\"><span aria-hidden=\"true\" class=\"wp-block-cover__background has-nv-site-bg-background-color has-background-dim-40 has-background-dim\"><\/span><img loading=\"lazy\" decoding=\"async\" width=\"1414\" height=\"2000\" class=\"wp-block-cover__image-background wp-image-69\" alt=\"Enfant en situation de handicap intellectuel\" src=\"http:\/\/institutmedicoeducatif.fr\/wp-content\/uploads\/2022\/06\/Education-Specialisee.png\" style=\"object-position:47% 1%\" data-object-fit=\"cover\" data-object-position=\"47% 1%\" srcset=\"https:\/\/institutmedicoeducatif.fr\/wp-content\/uploads\/2022\/06\/Education-Specialisee.png 1414w, https:\/\/institutmedicoeducatif.fr\/wp-content\/uploads\/2022\/06\/Education-Specialisee-212x300.png 212w, https:\/\/institutmedicoeducatif.fr\/wp-content\/uploads\/2022\/06\/Education-Specialisee-724x1024.png 724w, https:\/\/institutmedicoeducatif.fr\/wp-content\/uploads\/2022\/06\/Education-Specialisee-768x1086.png 768w, https:\/\/institutmedicoeducatif.fr\/wp-content\/uploads\/2022\/06\/Education-Specialisee-1086x1536.png 1086w\" sizes=\"auto, (max-width: 1414px) 100vw, 1414px\" \/><div class=\"wp-block-cover__inner-container is-layout-flow wp-block-cover-is-layout-flow\">\n<h1 class=\"has-text-align-center has-nv-dark-bg-color has-text-color wp-block-heading\">Les Instituts M\u00e9dico-\u00c9ducatif <\/h1>\n\n\n\n<p class=\"has-text-align-center has-text-color\" style=\"color:#121212;font-size:17px\">Votre enfant est en situation de handicap et vous souhaitez vous orienter vers un Institut M\u00e9dico-\u00c9ducatif  ?<\/p>\n\n\n\n<p class=\"has-text-align-center has-text-color\" style=\"color:#121212;font-size:17px\">Retrouvez toutes les informations n\u00e9cessaires sur ce site internet ! <\/p>\n\n\n\n<div class=\"wp-block-buttons is-content-justification-center is-layout-flex wp-container-core-buttons-is-layout-16018d1d wp-block-buttons-is-layout-flex\"><\/div>\n<\/div><\/div>\n\n\n\n<div style=\"height:80px\" aria-hidden=\"true\" class=\"wp-block-spacer\"><\/div>\n\n\n\n<div class=\"wp-block-columns is-layout-flex wp-container-core-columns-is-layout-9d6595d7 wp-block-columns-is-layout-flex\">\n<div class=\"wp-block-column is-layout-flow wp-block-column-is-layout-flow\"><div class=\"wp-block-image icon-style is-style-default\">\n<figure class=\"aligncenter size-full is-resized\"><img loading=\"lazy\" decoding=\"async\" src=\"http:\/\/institutmedicoeducatif.fr\/wp-content\/uploads\/2022\/06\/Educ.-spec_bleuciel.png\" alt=\"\" class=\"wp-image-76\" width=\"141\" height=\"117\" srcset=\"https:\/\/institutmedicoeducatif.fr\/wp-content\/uploads\/2022\/06\/Educ.-spec_bleuciel.png 562w, https:\/\/institutmedicoeducatif.fr\/wp-content\/uploads\/2022\/06\/Educ.-spec_bleuciel-300x250.png 300w\" sizes=\"auto, (max-width: 141px) 100vw, 141px\" \/><\/figure>\n<\/div>\n\n\n<h3 class=\"has-text-align-center has-neve-text-color-color has-text-color wp-block-heading\">Secteur \u00c9ducation Sp\u00e9cialis\u00e9e<\/h3>\n\n\n\n<p class=\"has-text-align-center\"><\/p>\n\n\n\n<div style=\"height:20px\" aria-hidden=\"true\" class=\"wp-block-spacer\"><\/div>\n<\/div>\n\n\n\n<div class=\"wp-block-column is-layout-flow wp-block-column-is-layout-flow\"><div class=\"wp-block-image icon-style is-style-default\">\n<figure class=\"aligncenter size-full is-resized\"><img loading=\"lazy\" decoding=\"async\" src=\"http:\/\/institutmedicoeducatif.fr\/wp-content\/uploads\/2022\/06\/Accueillis-bleu_ciel.png\" alt=\"\" class=\"wp-image-77\" width=\"128\" height=\"128\" srcset=\"https:\/\/institutmedicoeducatif.fr\/wp-content\/uploads\/2022\/06\/Accueillis-bleu_ciel.png 512w, https:\/\/institutmedicoeducatif.fr\/wp-content\/uploads\/2022\/06\/Accueillis-bleu_ciel-300x300.png 300w, https:\/\/institutmedicoeducatif.fr\/wp-content\/uploads\/2022\/06\/Accueillis-bleu_ciel-150x150.png 150w\" sizes=\"auto, (max-width: 128px) 100vw, 128px\" \/><\/figure>\n<\/div>\n\n\n<h3 class=\"has-text-align-center has-neve-text-color-color has-text-color wp-block-heading\">420 jeunes accueillis<\/h3>\n\n\n\n<p class=\"has-text-align-center\"><\/p>\n\n\n\n<div style=\"height:20px\" aria-hidden=\"true\" class=\"wp-block-spacer\"><\/div>\n<\/div>\n\n\n\n<div class=\"wp-block-column is-layout-flow wp-block-column-is-layout-flow\"><div class=\"wp-block-image icon-style is-style-rounded\">\n<figure class=\"aligncenter size-full is-resized\"><img loading=\"lazy\" decoding=\"async\" src=\"http:\/\/institutmedicoeducatif.fr\/wp-content\/uploads\/2022\/06\/team_bleuciel.png\" alt=\"\" class=\"wp-image-78\" width=\"128\" height=\"128\" srcset=\"https:\/\/institutmedicoeducatif.fr\/wp-content\/uploads\/2022\/06\/team_bleuciel.png 512w, https:\/\/institutmedicoeducatif.fr\/wp-content\/uploads\/2022\/06\/team_bleuciel-300x300.png 300w, https:\/\/institutmedicoeducatif.fr\/wp-content\/uploads\/2022\/06\/team_bleuciel-150x150.png 150w\" sizes=\"auto, (max-width: 128px) 100vw, 128px\" \/><\/figure>\n<\/div>\n\n\n<h3 class=\"has-text-align-center has-neve-text-color-color has-text-color wp-block-heading\">140 professionnels <\/h3>\n\n\n\n<h3 class=\"has-text-align-center has-neve-text-color-color has-text-color wp-block-heading\">pour les IME<\/h3>\n\n\n\n<p class=\"has-text-align-center\"><\/p>\n\n\n\n<div style=\"height:20px\" aria-hidden=\"true\" class=\"wp-block-spacer\"><\/div>\n<\/div>\n<\/div>\n","protected":false},"excerpt":{"rendered":"<p>Secteur \u00c9ducation Sp\u00e9cialis\u00e9e 420 jeunes accueillis 140 professionnels pour les IME<\/p>\n","protected":false},"author":1,"featured_media":0,"parent":0,"menu_order":0,"comment_status":"closed","ping_status":"closed","template":"","meta":{"neve_meta_sidebar":"","neve_meta_container":"","neve_meta_enable_content_width":"on","neve_meta_content_width":100,"neve_meta_title_alignment":"","neve_meta_author_avatar":"","neve_post_elements_order":"","neve_meta_disable_header":"","neve_meta_disable_footer":"","neve_meta_disable_title":"on","footnotes":""},"class_list":["post-28","page","type-page","status-publish","hentry"],"_links":{"self":[{"href":"https:\/\/institutmedicoeducatif.fr\/index.php?rest_route=\/wp\/v2\/pages\/28","targetHints":{"allow":["GET"]}}],"collection":[{"href":"https:\/\/institutmedicoeducatif.fr\/index.php?rest_route=\/wp\/v2\/pages"}],"about":[{"href":"https:\/\/institutmedicoeducatif.fr\/index.php?rest_route=\/wp\/v2\/types\/page"}],"author":[{"embeddable":true,"href":"https:\/\/institutmedicoeducatif.fr\/index.php?rest_route=\/wp\/v2\/users\/1"}],"replies":[{"embeddable":true,"href":"https:\/\/institutmedicoeducatif.fr\/index.php?rest_route=%2Fwp%2Fv2%2Fcomments&post=28"}],"version-history":[{"count":9,"href":"https:\/\/institutmedicoeducatif.fr\/index.php?rest_route=\/wp\/v2\/pages\/28\/revisions"}],"predecessor-version":[{"id":89,"href":"https:\/\/institutmedicoeducatif.fr\/index.php?rest_route=\/wp\/v2\/pages\/28\/revisions\/89"}],"wp:attachment":[{"href":"https:\/\/institutmedicoeducatif.fr\/index.php?rest_route=%2Fwp%2Fv2%2Fmedia&parent=28"}],"curies":[{"name":"wp","href":"https:\/\/api.w.org\/{rel}","templated":true}]}}