{"id":29,"date":"2022-06-08T15:51:11","date_gmt":"2022-06-08T13:51:11","guid":{"rendered":"http:\/\/institutmedicoeducatif.fr\/?page_id=29"},"modified":"2022-06-08T17:03:47","modified_gmt":"2022-06-08T15:03:47","slug":"a-propos","status":"publish","type":"page","link":"https:\/\/institutmedicoeducatif.fr\/?page_id=29","title":{"rendered":"\u00c0 propos"},"content":{"rendered":"\n<figure class=\"wp-block-image size-large is-resized\"><img loading=\"lazy\" decoding=\"async\" src=\"http:\/\/institutmedicoeducatif.fr\/wp-content\/uploads\/2022\/06\/IMGP2009-1024x768.jpg\" alt=\"Enfants qui r\u00e9alisent des dessins avec des feutres sur des feuilles. \" class=\"wp-image-61\" width=\"512\" height=\"384\" title=\"Photo Institut M\u00e9dico-Educatif\" srcset=\"https:\/\/institutmedicoeducatif.fr\/wp-content\/uploads\/2022\/06\/IMGP2009-1024x768.jpg 1024w, https:\/\/institutmedicoeducatif.fr\/wp-content\/uploads\/2022\/06\/IMGP2009-300x225.jpg 300w, https:\/\/institutmedicoeducatif.fr\/wp-content\/uploads\/2022\/06\/IMGP2009-768x576.jpg 768w, https:\/\/institutmedicoeducatif.fr\/wp-content\/uploads\/2022\/06\/IMGP2009-1536x1152.jpg 1536w, https:\/\/institutmedicoeducatif.fr\/wp-content\/uploads\/2022\/06\/IMGP2009.jpg 2048w\" sizes=\"auto, (max-width: 512px) 100vw, 512px\" \/><\/figure>\n\n\n\n<h3 class=\"wp-block-heading\">IME : Institut M\u00e9dico-\u00c9ducatif<\/h3>\n\n\n\n<p>L\u2019institut M\u00e9dico-\u00c9ducatif a une fonction d\u2019institution th\u00e9rapeutique, \u00e9ducative et sociale.<br>L\u2019\u00e9volution des enfants qui y sont admis r\u00e9sulte des activit\u00e9s mises en place au sein de l\u2019institution, des relations des personnes et de l\u2019institution avec l\u2019ext\u00e9rieur.<\/p>\n\n\n\n<h3 class=\"wp-block-heading\">Ces deux objectifs principaux sont :<\/h3>\n\n\n\n<h5 class=\"wp-block-heading\">Favoriser la socialisation par&nbsp;:<\/h5>\n\n\n\n<ul class=\"wp-block-list\"><li>L\u2019acquisition de r\u00e8gles de vie simples&nbsp;: Politesse, respect de soi et des autres, valorisation de la parole, de l\u2019\u00e9coute de l\u2019apprentissage de la vie en groupe\u2026<\/li><li>L\u2019ouverture culturelle au travers des sorties, des visites, des spectacles\u2026<\/li><li>Les projets d\u2019ateliers par le biais de multiples activit\u00e9s propos\u00e9es.<\/li><\/ul>\n\n\n\n<h5 class=\"wp-block-heading\">Favoriser l\u2019autonomie par&nbsp;:<\/h5>\n\n\n\n<ul class=\"wp-block-list\"><li>L\u2019acquisition des gestes de la vie quotidienne&nbsp;: r\u00e8gles d\u2019hygi\u00e8ne et de sant\u00e9, de propret\u00e9, tenue vestimentaire, s\u00e9curit\u00e9\u2026<\/li><li>Les projets \u00e9ducatifs et p\u00e9dagogiques par le biais du d\u00e9veloppement du potentiel de chacun tant sur le plan personnel, que scolaire et professionnel&nbsp;(acquisitions de notions fondamentales).<\/li><\/ul>\n\n\n\n<div class=\"wp-block-cover alignfull\" style=\"min-height:600px;aspect-ratio:unset;\"><span aria-hidden=\"true\" class=\"wp-block-cover__background has-nv-light-bg-background-color has-background-dim-100 has-background-dim\"><\/span><div class=\"wp-block-cover__inner-container is-layout-flow wp-block-cover-is-layout-flow\">\n<div class=\"wp-block-group\"><div class=\"wp-block-group__inner-container is-layout-flow wp-block-group-is-layout-flow\">\n<div style=\"height:80px\" aria-hidden=\"true\" class=\"wp-block-spacer\"><\/div>\n\n\n\n<div class=\"wp-block-columns are-vertically-aligned-center is-layout-flex wp-container-core-columns-is-layout-9d6595d7 wp-block-columns-is-layout-flex\">\n<div class=\"wp-block-column is-vertically-aligned-center is-layout-flow wp-block-column-is-layout-flow\" style=\"flex-basis:50%\">\n<figure class=\"wp-block-image size-large\"><img loading=\"lazy\" decoding=\"async\" width=\"1024\" height=\"551\" src=\"http:\/\/institutmedicoeducatif.fr\/wp-content\/uploads\/2022\/06\/Carte_IME-1024x551.png\" alt=\"\" class=\"wp-image-56\" srcset=\"https:\/\/institutmedicoeducatif.fr\/wp-content\/uploads\/2022\/06\/Carte_IME-1024x551.png 1024w, https:\/\/institutmedicoeducatif.fr\/wp-content\/uploads\/2022\/06\/Carte_IME-300x161.png 300w, https:\/\/institutmedicoeducatif.fr\/wp-content\/uploads\/2022\/06\/Carte_IME-768x413.png 768w, https:\/\/institutmedicoeducatif.fr\/wp-content\/uploads\/2022\/06\/Carte_IME.png 1071w\" sizes=\"auto, (max-width: 1024px) 100vw, 1024px\" \/><\/figure>\n<\/div>\n\n\n\n<div class=\"wp-block-column is-vertically-aligned-center is-layout-flow wp-block-column-is-layout-flow\" style=\"flex-basis:50%\">\n<h2 class=\"has-neve-text-color-color has-text-color wp-block-heading\">6 IME <\/h2>\n\n\n\n<p class=\"has-neve-text-color-color has-text-color has-medium-font-size\">Accueillent les enfants atteints de d\u00e9ficience intellectuelle et de troubles de 6 \u00e0 20 ans auxquels il est propos\u00e9 un projet individuel qui d\u00e9finit diff\u00e9rentes prises en charge \u00e9ducative, scolaire, th\u00e9rapeutique, r\u00e9-\u00e9ducative et sociale.<\/p>\n<\/div>\n<\/div>\n\n\n\n<div style=\"height:40px\" aria-hidden=\"true\" class=\"wp-block-spacer\"><\/div>\n<\/div><\/div>\n<\/div><\/div>\n","protected":false},"excerpt":{"rendered":"<p>IME : Institut M\u00e9dico-\u00c9ducatif L\u2019institut M\u00e9dico-\u00c9ducatif a une fonction d\u2019institution th\u00e9rapeutique, \u00e9ducative et sociale.L\u2019\u00e9volution des enfants qui y sont admis r\u00e9sulte des activit\u00e9s mises en place au sein de l\u2019institution, des relations des personnes et de l\u2019institution avec l\u2019ext\u00e9rieur. Ces deux objectifs principaux sont : Favoriser la socialisation par&nbsp;: L\u2019acquisition de r\u00e8gles de vie simples&nbsp;:&hellip;&nbsp;<a href=\"https:\/\/institutmedicoeducatif.fr\/?page_id=29\" class=\"\" rel=\"bookmark\">Read More &raquo;<span class=\"screen-reader-text\">\u00c0 propos<\/span><\/a><\/p>\n","protected":false},"author":1,"featured_media":0,"parent":0,"menu_order":0,"comment_status":"closed","ping_status":"closed","template":"","meta":{"neve_meta_sidebar":"","neve_meta_container":"","neve_meta_enable_content_width":"on","neve_meta_content_width":100,"neve_meta_title_alignment":"","neve_meta_author_avatar":"","neve_post_elements_order":"","neve_meta_disable_header":"","neve_meta_disable_footer":"","neve_meta_disable_title":"on","footnotes":""},"class_list":["post-29","page","type-page","status-publish","hentry"],"_links":{"self":[{"href":"https:\/\/institutmedicoeducatif.fr\/index.php?rest_route=\/wp\/v2\/pages\/29","targetHints":{"allow":["GET"]}}],"collection":[{"href":"https:\/\/institutmedicoeducatif.fr\/index.php?rest_route=\/wp\/v2\/pages"}],"about":[{"href":"https:\/\/institutmedicoeducatif.fr\/index.php?rest_route=\/wp\/v2\/types\/page"}],"author":[{"embeddable":true,"href":"https:\/\/institutmedicoeducatif.fr\/index.php?rest_route=\/wp\/v2\/users\/1"}],"replies":[{"embeddable":true,"href":"https:\/\/institutmedicoeducatif.fr\/index.php?rest_route=%2Fwp%2Fv2%2Fcomments&post=29"}],"version-history":[{"count":6,"href":"https:\/\/institutmedicoeducatif.fr\/index.php?rest_route=\/wp\/v2\/pages\/29\/revisions"}],"predecessor-version":[{"id":85,"href":"https:\/\/institutmedicoeducatif.fr\/index.php?rest_route=\/wp\/v2\/pages\/29\/revisions\/85"}],"wp:attachment":[{"href":"https:\/\/institutmedicoeducatif.fr\/index.php?rest_route=%2Fwp%2Fv2%2Fmedia&parent=29"}],"curies":[{"name":"wp","href":"https:\/\/api.w.org\/{rel}","templated":true}]}}